{"id":141984,"date":"2026-03-20T15:44:42","date_gmt":"2026-03-20T15:44:42","guid":{"rendered":"https:\/\/www.delideli.zoner.dev\/tuote\/favorita-crema-tartuffon-valkotryffelitahna-80g\/"},"modified":"2026-05-04T16:18:13","modified_gmt":"2026-05-04T16:18:13","slug":"favorita-crema-tartuffon-valkotryffelitahna-80g","status":"publish","type":"product","link":"https:\/\/www.delideli.zoner.dev\/fin\/tuote\/favorita-crema-tartuffon-valkotryffelitahna-80g\/","title":{"rendered":"La Favorita Crema tartuffon valkotryffelitahna 80g"},"content":{"rendered":"<p>Favorita Crema Tartuffon on ylellinen valkoinen tryffelitahna, joka tuo ripauksen italialaista hienostuneisuutta jokaiseen ruokalajiin. T\u00e4m\u00e4 kermainen tahna valmistetaan aidosta valkoisesta tryffelist\u00e4, ja se on t\u00e4ydellinen tapa tuoda gourmet-makua arkisiin ja juhlaviin ruokiin.<\/p>\n<p>Valkoinen tryffeli tunnetaan syv\u00e4st\u00e4, maanl\u00e4heisest\u00e4 aromistaan ja ainutlaatuisesta maustaan. La Favorita s\u00e4ilytt\u00e4\u00e4 tryffelin autenttiset maut k\u00e4ytt\u00e4m\u00e4ll\u00e4 perinteisi\u00e4 valmistusmenetelmi\u00e4 ja vain luonnonmukaisia aineksia. Jokainen purkki sis\u00e4lt\u00e4\u00e4 Piemonten alueen parhaita makuja.<\/p>\n<p>K\u00e4ytt\u00f6: Lis\u00e4\u00e4 pieni m\u00e4\u00e4r\u00e4 pasta-, risotto- tai gnocchi-ruokiin juuri ennen tarjoilua. Mainio munakokkelin, t\u00e4ytettyjen munaruokien tai scrambled eggsin kanssa. Sekoita voihin ja sulata grillatun lihan, kalan tai kanan p\u00e4\u00e4lle. K\u00e4yt\u00e4 pizza- tai focaccia-pohjalla mozzarellan ja rucolan kanssa. Ripottele juustojen p\u00e4\u00e4lle tai sekoita perunamuusiin. S\u00e4ilyt\u00e4 viile\u00e4ss\u00e4 avaamisen j\u00e4lkeen.<\/p>\n","protected":false},"excerpt":{"rendered":"<p>Ylellinen valkoinen tryffelitahna. Hienostunutta ylellisyytt\u00e4 gourmet-ruokiin.<\/p>\n","protected":false},"featured_media":141986,"comment_status":"closed","ping_status":"open","template":"","meta":{"_acf_changed":false},"product_brand":[673],"product_cat":[677,718,676,714,726],"product_tag":[],"class_list":{"0":"post-141984","1":"product","2":"type-product","3":"status-publish","4":"has-post-thumbnail","6":"product_brand-la-favorita","7":"product_cat-ajankohtaisia","8":"product_cat-levitteet","9":"product_cat-suolaiset","10":"product_cat-tryffeli","11":"product_cat-uudet-tuotteet","12":"pa_alkuperamaa-italia","14":"first","15":"instock","16":"taxable","17":"shipping-taxable","18":"purchasable","19":"product-type-simple","swatches":"rey-swatches","show_selected":""},"acf":[],"_links":{"self":[{"href":"https:\/\/www.delideli.zoner.dev\/fin\/wp-json\/wp\/v2\/product\/141984","targetHints":{"allow":["GET"]}}],"collection":[{"href":"https:\/\/www.delideli.zoner.dev\/fin\/wp-json\/wp\/v2\/product"}],"about":[{"href":"https:\/\/www.delideli.zoner.dev\/fin\/wp-json\/wp\/v2\/types\/product"}],"replies":[{"embeddable":true,"href":"https:\/\/www.delideli.zoner.dev\/fin\/wp-json\/wp\/v2\/comments?post=141984"}],"version-history":[{"count":0,"href":"https:\/\/www.delideli.zoner.dev\/fin\/wp-json\/wp\/v2\/product\/141984\/revisions"}],"wp:featuredmedia":[{"embeddable":true,"href":"https:\/\/www.delideli.zoner.dev\/fin\/wp-json\/wp\/v2\/media\/141986"}],"wp:attachment":[{"href":"https:\/\/www.delideli.zoner.dev\/fin\/wp-json\/wp\/v2\/media?parent=141984"}],"wp:term":[{"taxonomy":"product_brand","embeddable":true,"href":"https:\/\/www.delideli.zoner.dev\/fin\/wp-json\/wp\/v2\/product_brand?post=141984"},{"taxonomy":"product_cat","embeddable":true,"href":"https:\/\/www.delideli.zoner.dev\/fin\/wp-json\/wp\/v2\/product_cat?post=141984"},{"taxonomy":"product_tag","embeddable":true,"href":"https:\/\/www.delideli.zoner.dev\/fin\/wp-json\/wp\/v2\/product_tag?post=141984"}],"curies":[{"name":"wp","href":"https:\/\/api.w.org\/{rel}","templated":true}]}}