{"id":141987,"date":"2026-03-20T15:44:43","date_gmt":"2026-03-20T15:44:43","guid":{"rendered":"https:\/\/www.delideli.zoner.dev\/tuote\/favorita-polenta-1-kg\/"},"modified":"2026-05-04T16:18:14","modified_gmt":"2026-05-04T16:18:14","slug":"favorita-polenta-1-kg","status":"publish","type":"product","link":"https:\/\/www.delideli.zoner.dev\/fin\/tuote\/favorita-polenta-1-kg\/","title":{"rendered":"La Favorita Polenta 1 kg"},"content":{"rendered":"<p>Favorita Polenta on perinteinen italialainen erikoisuus, joka valmistetaan hienoksi jauhetusta maissijauhoista. Polenta on ollut Pohjois-Italian keitti\u00f6n perusraaka-aine vuosisatojen ajan, ja se tarjoaa monipuolisen ja ravitsevan vaihtoehdon pastaruokille ja riisille.<\/p>\n<p>La Favorita polenta kypsyy nopeasti ja s\u00e4ilytt\u00e4\u00e4 silti autenttisen maun ja rakenteen. Valmis polenta on kermaista ja sile\u00e4\u00e4, ja se voidaan tarjota pehme\u00e4n\u00e4 tai antaa j\u00e4hmetty\u00e4 ja paistaa tai grillata. Polenta on luonnostaan gluteeniton ja sopii monenlaisiin ruokavalioihin.<\/p>\n<p>K\u00e4ytt\u00f6: Keit\u00e4 polenta vedess\u00e4 tai lihaliemess\u00e4, lis\u00e4\u00e4 voita ja parmesaania kreemiseksi lisukkeeksi. Tarjoa makkaroiden, pataruokien tai ragojen kanssa. Anna j\u00e4hmetty\u00e4, leikkaa paloiksi ja paista tai grillaa. Kokeile polenta-lasagnea tai polenta-friesej\u00e4. Mainio pohja grillatulle lihalle, kalal\u043b\u0435 tai sienille. Voit my\u00f6s valmistaa makeaa polentaa lis\u00e4\u00e4m\u00e4ll\u00e4 maitoa, hunajaa ja hedelmi\u00e4.<\/p>\n","protected":false},"excerpt":{"rendered":"<p>Perinteinen italialainen polenta maissijauhosta. Monipuolinen lisuke pastaruokien vaihtoehtona.<\/p>\n","protected":false},"featured_media":141989,"comment_status":"closed","ping_status":"open","template":"","meta":{"_acf_changed":false},"product_brand":[673],"product_cat":[677,682,723,726],"product_tag":[],"class_list":{"0":"post-141987","1":"product","2":"type-product","3":"status-publish","4":"has-post-thumbnail","6":"product_brand-la-favorita","7":"product_cat-ajankohtaisia","8":"product_cat-kuivatuotteet","9":"product_cat-riisit","10":"product_cat-uudet-tuotteet","11":"pa_alkuperamaa-italia","13":"first","14":"instock","15":"taxable","16":"shipping-taxable","17":"purchasable","18":"product-type-simple","swatches":"rey-swatches","show_selected":""},"acf":[],"_links":{"self":[{"href":"https:\/\/www.delideli.zoner.dev\/fin\/wp-json\/wp\/v2\/product\/141987","targetHints":{"allow":["GET"]}}],"collection":[{"href":"https:\/\/www.delideli.zoner.dev\/fin\/wp-json\/wp\/v2\/product"}],"about":[{"href":"https:\/\/www.delideli.zoner.dev\/fin\/wp-json\/wp\/v2\/types\/product"}],"replies":[{"embeddable":true,"href":"https:\/\/www.delideli.zoner.dev\/fin\/wp-json\/wp\/v2\/comments?post=141987"}],"version-history":[{"count":0,"href":"https:\/\/www.delideli.zoner.dev\/fin\/wp-json\/wp\/v2\/product\/141987\/revisions"}],"wp:featuredmedia":[{"embeddable":true,"href":"https:\/\/www.delideli.zoner.dev\/fin\/wp-json\/wp\/v2\/media\/141989"}],"wp:attachment":[{"href":"https:\/\/www.delideli.zoner.dev\/fin\/wp-json\/wp\/v2\/media?parent=141987"}],"wp:term":[{"taxonomy":"product_brand","embeddable":true,"href":"https:\/\/www.delideli.zoner.dev\/fin\/wp-json\/wp\/v2\/product_brand?post=141987"},{"taxonomy":"product_cat","embeddable":true,"href":"https:\/\/www.delideli.zoner.dev\/fin\/wp-json\/wp\/v2\/product_cat?post=141987"},{"taxonomy":"product_tag","embeddable":true,"href":"https:\/\/www.delideli.zoner.dev\/fin\/wp-json\/wp\/v2\/product_tag?post=141987"}],"curies":[{"name":"wp","href":"https:\/\/api.w.org\/{rel}","templated":true}]}}