{"id":141990,"date":"2026-03-20T15:44:44","date_gmt":"2026-03-20T15:44:44","guid":{"rendered":"https:\/\/www.delideli.zoner.dev\/tuote\/favorita-munatagliatelle-250-g\/"},"modified":"2026-05-04T16:18:15","modified_gmt":"2026-05-04T16:18:15","slug":"favorita-munatagliatelle-250-g","status":"publish","type":"product","link":"https:\/\/www.delideli.zoner.dev\/fin\/tuote\/favorita-munatagliatelle-250-g\/","title":{"rendered":"La Favorita Munatagliatelle 250 g"},"content":{"rendered":"<p>Favorita Munatagliatelle on klassinen italialainen munapasta, joka leikataan perinteiseen nauhamaiseen tagliatelle-muotoon. T\u00e4m\u00e4 pasta valmistetaan La Favoritan omassa pastatehtaassa Piemontessa k\u00e4ytt\u00e4en durumvehn\u00e4jauhoa ja tuoreita kananmunia vanhan piemontelaisen perinteen mukaisesti.<\/p>\n<p>Tagliatelle on kotoisin Emilia-Romagnan alueelta, ja sit\u00e4 nautitaan perinteisesti lihaisen rag\u00f9-kastikkeen kanssa. Munapasta on sile\u00e4\u00e4, kimmoista ja imee kastikkeet erinomaisesti. La Favorita valmistaa pastan k\u00e4sity\u00f6m\u00e4isesti perinteisin menetelmin s\u00e4ilytt\u00e4en autenttiset maut ja rakenteen.<\/p>\n<p>K\u00e4ytt\u00f6: Keit\u00e4 suolatussa vedess\u00e4 al dente -kyps\u00e4ksi noin 3-4 minuuttia. Perinteisesti nautitaan Bolognese-kastikkeen (rag\u00f9 alla bolognese) kanssa. Sopii my\u00f6s kermaisten kastikkeiden, kuten carbonaran tai Alfredo-kastikkeen kanssa. Mainio my\u00f6s voi-parmesaani-kastikkeen tai tryffelin kanssa. T\u00e4ydellinen sieniragujen ja mets\u00e4stysruokien kylki\u00e4iseksi.<\/p>\n","protected":false},"excerpt":{"rendered":"<p>Perinteinen italialainen munapasta tagliatelle-leikkauksella. Valmistettu durumvehn\u00e4st\u00e4 ja kananmunista.<\/p>\n","protected":false},"featured_media":141992,"comment_status":"closed","ping_status":"open","template":"","meta":{"_acf_changed":false},"product_brand":[673],"product_cat":[677,682,733,721,734,726],"product_tag":[],"class_list":{"0":"post-141990","1":"product","2":"type-product","3":"status-publish","4":"has-post-thumbnail","6":"product_brand-la-favorita","7":"product_cat-ajankohtaisia","8":"product_cat-kuivatuotteet","9":"product_cat-pasta-italiana","10":"product_cat-pastat","11":"product_cat-teemat","12":"product_cat-uudet-tuotteet","13":"pa_alkuperamaa-italia","15":"first","16":"instock","17":"taxable","18":"shipping-taxable","19":"purchasable","20":"product-type-simple","swatches":"rey-swatches","show_selected":""},"acf":[],"_links":{"self":[{"href":"https:\/\/www.delideli.zoner.dev\/fin\/wp-json\/wp\/v2\/product\/141990","targetHints":{"allow":["GET"]}}],"collection":[{"href":"https:\/\/www.delideli.zoner.dev\/fin\/wp-json\/wp\/v2\/product"}],"about":[{"href":"https:\/\/www.delideli.zoner.dev\/fin\/wp-json\/wp\/v2\/types\/product"}],"replies":[{"embeddable":true,"href":"https:\/\/www.delideli.zoner.dev\/fin\/wp-json\/wp\/v2\/comments?post=141990"}],"version-history":[{"count":0,"href":"https:\/\/www.delideli.zoner.dev\/fin\/wp-json\/wp\/v2\/product\/141990\/revisions"}],"wp:featuredmedia":[{"embeddable":true,"href":"https:\/\/www.delideli.zoner.dev\/fin\/wp-json\/wp\/v2\/media\/141992"}],"wp:attachment":[{"href":"https:\/\/www.delideli.zoner.dev\/fin\/wp-json\/wp\/v2\/media?parent=141990"}],"wp:term":[{"taxonomy":"product_brand","embeddable":true,"href":"https:\/\/www.delideli.zoner.dev\/fin\/wp-json\/wp\/v2\/product_brand?post=141990"},{"taxonomy":"product_cat","embeddable":true,"href":"https:\/\/www.delideli.zoner.dev\/fin\/wp-json\/wp\/v2\/product_cat?post=141990"},{"taxonomy":"product_tag","embeddable":true,"href":"https:\/\/www.delideli.zoner.dev\/fin\/wp-json\/wp\/v2\/product_tag?post=141990"}],"curies":[{"name":"wp","href":"https:\/\/api.w.org\/{rel}","templated":true}]}}