{"id":141993,"date":"2026-03-20T15:44:45","date_gmt":"2026-03-20T15:44:45","guid":{"rendered":"https:\/\/www.delideli.zoner.dev\/tuote\/favorita-munatajarin-250-g\/"},"modified":"2026-05-04T16:18:20","modified_gmt":"2026-05-04T16:18:20","slug":"favorita-munatajarin-250-g","status":"publish","type":"product","link":"https:\/\/www.delideli.zoner.dev\/fin\/tuote\/favorita-munatajarin-250-g\/","title":{"rendered":"La Favorita Munatajarin 250 g"},"content":{"rendered":"<p>Favorita Munatajarin on piemontelainen erikoisuus, joka erottuu muista munnapastoista poikkeuksellisen korkean munansuhteensa ansiosta. Perinteisen reseptin mukaan tajarin valmistetaan k\u00e4ytt\u00e4en 36 munaa per kilo jauhoa &#8211; 18 kokonaista munaa ja 18 keltuaista. T\u00e4m\u00e4 antaa pastalle syv\u00e4n kultaisen v\u00e4rin, herkullisen rakenteen ja rikkaan maun.<\/p>\n<p>Tajarin (lausutaan tie-yah-REEN) on Piemonten versio tagliatellesta, mutta ohuempi ja munaisempi. Sit\u00e4 on nautittu Piemontessa jo 1500-luvulta l\u00e4htien. La Favorita valmistaa tajarin-pastan k\u00e4sity\u00f6m\u00e4isesti perinteisin menetelmin k\u00e4ytt\u00e4en vain parhaita raaka-aineita.<\/p>\n<p>K\u00e4ytt\u00f6: Keit\u00e4 suolatussa vedess\u00e4 al dente -kyps\u00e4ksi vain 2-3 minuuttia &#8211; pasta on herkullisen ohut ja kypsyy nopeasti. Perinteisesti nautitaan yksinkertaisesti voi-kastikkeessa parmesaanin ja valkoisen tryffelin kanssa. Sopii my\u00f6s liharagujen, sienien tai kevyiden kermaisten kastikkeiden kanssa. Tajarin on niin aromikas, ett\u00e4 se maistuu erinomaisesti my\u00f6s pelk\u00e4n oliivi\u00f6ljyn ja parmesaanin kanssa.<\/p>\n","protected":false},"excerpt":{"rendered":"<p>Piemontelainen erikoismunapasta tajarin. Valmistettu korkealla munansuhteella &#8211; 36 munaa per kilo jauhoa.<\/p>\n","protected":false},"featured_media":141995,"comment_status":"closed","ping_status":"open","template":"","meta":{"_acf_changed":false},"product_brand":[673],"product_cat":[677,682,733,721,734,726],"product_tag":[],"class_list":{"0":"post-141993","1":"product","2":"type-product","3":"status-publish","4":"has-post-thumbnail","6":"product_brand-la-favorita","7":"product_cat-ajankohtaisia","8":"product_cat-kuivatuotteet","9":"product_cat-pasta-italiana","10":"product_cat-pastat","11":"product_cat-teemat","12":"product_cat-uudet-tuotteet","13":"pa_alkuperamaa-italia","15":"first","16":"instock","17":"featured","18":"taxable","19":"shipping-taxable","20":"purchasable","21":"product-type-simple","swatches":"rey-swatches","show_selected":""},"acf":[],"_links":{"self":[{"href":"https:\/\/www.delideli.zoner.dev\/fin\/wp-json\/wp\/v2\/product\/141993","targetHints":{"allow":["GET"]}}],"collection":[{"href":"https:\/\/www.delideli.zoner.dev\/fin\/wp-json\/wp\/v2\/product"}],"about":[{"href":"https:\/\/www.delideli.zoner.dev\/fin\/wp-json\/wp\/v2\/types\/product"}],"replies":[{"embeddable":true,"href":"https:\/\/www.delideli.zoner.dev\/fin\/wp-json\/wp\/v2\/comments?post=141993"}],"version-history":[{"count":0,"href":"https:\/\/www.delideli.zoner.dev\/fin\/wp-json\/wp\/v2\/product\/141993\/revisions"}],"wp:featuredmedia":[{"embeddable":true,"href":"https:\/\/www.delideli.zoner.dev\/fin\/wp-json\/wp\/v2\/media\/141995"}],"wp:attachment":[{"href":"https:\/\/www.delideli.zoner.dev\/fin\/wp-json\/wp\/v2\/media?parent=141993"}],"wp:term":[{"taxonomy":"product_brand","embeddable":true,"href":"https:\/\/www.delideli.zoner.dev\/fin\/wp-json\/wp\/v2\/product_brand?post=141993"},{"taxonomy":"product_cat","embeddable":true,"href":"https:\/\/www.delideli.zoner.dev\/fin\/wp-json\/wp\/v2\/product_cat?post=141993"},{"taxonomy":"product_tag","embeddable":true,"href":"https:\/\/www.delideli.zoner.dev\/fin\/wp-json\/wp\/v2\/product_tag?post=141993"}],"curies":[{"name":"wp","href":"https:\/\/api.w.org\/{rel}","templated":true}]}}