{"id":141996,"date":"2026-03-20T15:44:46","date_gmt":"2026-03-20T15:44:46","guid":{"rendered":"https:\/\/www.delideli.zoner.dev\/tuote\/favorita-munapappardelle-250-g\/"},"modified":"2026-05-04T16:18:22","modified_gmt":"2026-05-04T16:18:22","slug":"favorita-munapappardelle-250-g","status":"publish","type":"product","link":"https:\/\/www.delideli.zoner.dev\/fin\/tuote\/favorita-munapappardelle-250-g\/","title":{"rendered":"La Favorita Munapappardelle 250 g"},"content":{"rendered":"<p>Favorita Munapappardelle on leve\u00e4, nauhamainen munapasta, joka on kotoisin Toscanan alueelta. Pappardelle on yksi Italian leveimmist\u00e4 pastalaaduista &#8211; noin 2-3 cm leve\u00e4\u00e4 &#8211; ja sen nimi tulee toscanalaisen murteen sanasta &#8217;pappare&#8217;, joka tarkoittaa &#8217;sy\u00f6d\u00e4 nautinnolla&#8217;. Ja nautinnolla sit\u00e4 todella nautitaankin!<\/p>\n<p>Leve\u00e4, kimmoisa pappardelle on t\u00e4ydellinen raskaiden, lihaisien kastikkeiden kanssa, sill\u00e4 se pit\u00e4\u00e4 kastikkeen erinomaisesti kiinni. La Favorita valmistaa t\u00e4m\u00e4n munpastan k\u00e4sity\u00f6m\u00e4isesti Piemontessa k\u00e4ytt\u00e4en durumvehn\u00e4jauhoa ja tuoreita kananmunia perinteisen reseptin mukaan.<\/p>\n<p>K\u00e4ytt\u00f6: Keit\u00e4 suolatussa vedess\u00e4 al dente -kyps\u00e4ksi noin 3-4 minuuttia. Perinteisesti nautitaan villisian rag\u00f9n (rag\u00f9 di cinghiale) kanssa &#8211; yksi Toscanan parhaista ruokalajeista. Sopii my\u00f6s naudanlihan rag\u00f9n, sieniragujen tai ankkaraguun kanssa. Mainio my\u00f6s kevyempien kastikkeiden, kuten tomaatti-basilika-kastikkeen tai sitruuna-voi-kastikkeen kanssa. T\u00e4ydellinen mets\u00e4stysruokien kylki\u00e4iseksi.<\/p>\n","protected":false},"excerpt":{"rendered":"<p>Leve\u00e4 italialainen munapasta pappardelle. T\u00e4ydellinen liharagujen ja sienien kanssa.<\/p>\n","protected":false},"featured_media":141998,"comment_status":"closed","ping_status":"open","template":"","meta":{"_acf_changed":false},"product_brand":[673],"product_cat":[677,682,733,721,734,726],"product_tag":[],"class_list":{"0":"post-141996","1":"product","2":"type-product","3":"status-publish","4":"has-post-thumbnail","6":"product_brand-la-favorita","7":"product_cat-ajankohtaisia","8":"product_cat-kuivatuotteet","9":"product_cat-pasta-italiana","10":"product_cat-pastat","11":"product_cat-teemat","12":"product_cat-uudet-tuotteet","13":"pa_alkuperamaa-italia","15":"first","16":"instock","17":"taxable","18":"shipping-taxable","19":"purchasable","20":"product-type-simple","swatches":"rey-swatches","show_selected":""},"acf":[],"_links":{"self":[{"href":"https:\/\/www.delideli.zoner.dev\/fin\/wp-json\/wp\/v2\/product\/141996","targetHints":{"allow":["GET"]}}],"collection":[{"href":"https:\/\/www.delideli.zoner.dev\/fin\/wp-json\/wp\/v2\/product"}],"about":[{"href":"https:\/\/www.delideli.zoner.dev\/fin\/wp-json\/wp\/v2\/types\/product"}],"replies":[{"embeddable":true,"href":"https:\/\/www.delideli.zoner.dev\/fin\/wp-json\/wp\/v2\/comments?post=141996"}],"version-history":[{"count":0,"href":"https:\/\/www.delideli.zoner.dev\/fin\/wp-json\/wp\/v2\/product\/141996\/revisions"}],"wp:featuredmedia":[{"embeddable":true,"href":"https:\/\/www.delideli.zoner.dev\/fin\/wp-json\/wp\/v2\/media\/141998"}],"wp:attachment":[{"href":"https:\/\/www.delideli.zoner.dev\/fin\/wp-json\/wp\/v2\/media?parent=141996"}],"wp:term":[{"taxonomy":"product_brand","embeddable":true,"href":"https:\/\/www.delideli.zoner.dev\/fin\/wp-json\/wp\/v2\/product_brand?post=141996"},{"taxonomy":"product_cat","embeddable":true,"href":"https:\/\/www.delideli.zoner.dev\/fin\/wp-json\/wp\/v2\/product_cat?post=141996"},{"taxonomy":"product_tag","embeddable":true,"href":"https:\/\/www.delideli.zoner.dev\/fin\/wp-json\/wp\/v2\/product_tag?post=141996"}],"curies":[{"name":"wp","href":"https:\/\/api.w.org\/{rel}","templated":true}]}}