{"id":141999,"date":"2026-03-20T15:44:47","date_gmt":"2026-03-20T15:44:47","guid":{"rendered":"https:\/\/www.delideli.zoner.dev\/tuote\/favorita-taggiasca-oliivit-oliivioljyssa-180-g\/"},"modified":"2026-05-04T16:18:24","modified_gmt":"2026-05-04T16:18:24","slug":"favorita-taggiasca-oliivit-oliivioljyssa-180-g","status":"publish","type":"product","link":"https:\/\/www.delideli.zoner.dev\/fin\/tuote\/favorita-taggiasca-oliivit-oliivioljyssa-180-g\/","title":{"rendered":"La Favorita Taggiasca oliivit oliivi\u00f6ljyss\u00e4 180 g"},"content":{"rendered":"<p>Favorita Taggiasca-oliivit ovat pieni\u00e4, tummia oliiveja Ligurian alueelta, ja niit\u00e4 pidet\u00e4\u00e4n maailman hienoimpina ja arvokkaimpina oliiveina. Taggiasca-oliivit ovat makeita ja hedelm\u00e4isi\u00e4, eiv\u00e4t katkeria, ja niill\u00e4 on ainutlaatuinen maanl\u00e4heinen aromi ja maku, johon vaikuttaa Ligurian ilmasto ja meren l\u00e4heisyys.<\/p>\n<p>Oliivipuut kasvavat jyrkill\u00e4, terassoiduilla rinteill\u00e4 ja kallioilla, jotka antavat merelle. Taggiasca-oliiveista valmistetaan my\u00f6s maailman parhaita oliivi\u00f6ljyj\u00e4. La Favorita s\u00e4il\u00f6i n\u00e4m\u00e4 oliivit perinteisin menetelmin oliivi\u00f6ljyss\u00e4 s\u00e4ilytt\u00e4en niiden autenttiset maut.<\/p>\n<p>K\u00e4ytt\u00f6: Nautitaan sellaisenaan antipastona tai cocktailtilaisuuksissa. Mainiota lis\u00e4ttyn\u00e4 salaatteihin, pastaruokiin tai pizzalle. Sopii erinomaisesti kala- ja liharuokien kanssa &#8211; erityisesti vaalean kalan ja miedon juuston kanssa. Hienonna ja lis\u00e4\u00e4 tomaattikastikkeisiin tai tapenadeen. Kokeile my\u00f6s cocktailissa, kuten Martinin kanssa.<\/p>\n","protected":false},"excerpt":{"rendered":"<p>Pienet Ligurian Taggiasca-oliivit oliivi\u00f6ljyss\u00e4. Makeat ja hedelm\u00e4iset &#8211; maailman hienoimmiksi katsotut oliivit.<\/p>\n","protected":false},"featured_media":142001,"comment_status":"closed","ping_status":"open","template":"","meta":{"_acf_changed":false},"product_brand":[673],"product_cat":[677,719,676,726],"product_tag":[],"class_list":{"0":"post-141999","1":"product","2":"type-product","3":"status-publish","4":"has-post-thumbnail","6":"product_brand-la-favorita","7":"product_cat-ajankohtaisia","8":"product_cat-oliivit","9":"product_cat-suolaiset","10":"product_cat-uudet-tuotteet","11":"pa_alkuperamaa-italia","13":"first","14":"instock","15":"taxable","16":"shipping-taxable","17":"purchasable","18":"product-type-simple","swatches":"rey-swatches","show_selected":""},"acf":[],"_links":{"self":[{"href":"https:\/\/www.delideli.zoner.dev\/fin\/wp-json\/wp\/v2\/product\/141999","targetHints":{"allow":["GET"]}}],"collection":[{"href":"https:\/\/www.delideli.zoner.dev\/fin\/wp-json\/wp\/v2\/product"}],"about":[{"href":"https:\/\/www.delideli.zoner.dev\/fin\/wp-json\/wp\/v2\/types\/product"}],"replies":[{"embeddable":true,"href":"https:\/\/www.delideli.zoner.dev\/fin\/wp-json\/wp\/v2\/comments?post=141999"}],"version-history":[{"count":0,"href":"https:\/\/www.delideli.zoner.dev\/fin\/wp-json\/wp\/v2\/product\/141999\/revisions"}],"wp:featuredmedia":[{"embeddable":true,"href":"https:\/\/www.delideli.zoner.dev\/fin\/wp-json\/wp\/v2\/media\/142001"}],"wp:attachment":[{"href":"https:\/\/www.delideli.zoner.dev\/fin\/wp-json\/wp\/v2\/media?parent=141999"}],"wp:term":[{"taxonomy":"product_brand","embeddable":true,"href":"https:\/\/www.delideli.zoner.dev\/fin\/wp-json\/wp\/v2\/product_brand?post=141999"},{"taxonomy":"product_cat","embeddable":true,"href":"https:\/\/www.delideli.zoner.dev\/fin\/wp-json\/wp\/v2\/product_cat?post=141999"},{"taxonomy":"product_tag","embeddable":true,"href":"https:\/\/www.delideli.zoner.dev\/fin\/wp-json\/wp\/v2\/product_tag?post=141999"}],"curies":[{"name":"wp","href":"https:\/\/api.w.org\/{rel}","templated":true}]}}