{"id":142007,"date":"2026-03-31T05:45:56","date_gmt":"2026-03-31T05:45:56","guid":{"rendered":"https:\/\/www.delideli.zoner.dev\/tuote\/pamako-blend-extra-virgin-luomu-oliivioljy-500ml\/"},"modified":"2026-05-04T16:18:27","modified_gmt":"2026-05-04T16:18:27","slug":"pamako-blend-extra-virgin-luomu-oliivioljy-500ml","status":"publish","type":"product","link":"https:\/\/www.delideli.zoner.dev\/fin\/tuote\/pamako-blend-extra-virgin-luomu-oliivioljy-500ml\/","title":{"rendered":"Pamako Blend extra virgin luomu oliivi\u00f6ljy 500ml"},"content":{"rendered":"<p>Pamako Blend valmistetaan kahden kreikkalaisen perinteislajikkeen, Tsounatin (60\u202f%) ja Koroneik\u00edn (40\u202f%), yhdistelm\u00e4st\u00e4. Oliivit ker\u00e4t\u00e4\u00e4n k\u00e4sin Kreetalla Selinon vuoristosta, 500\u2013700 metrin korkeudesta, satavuotiaista puista.<\/p>\n<p>\u00d6ljyn polyfenolipitoisuus on 1\u202f466\u202fmg\/kg, mik\u00e4 ylitt\u00e4\u00e4 EU-asetuksen 432\/2012 terveysvaikutusvaatimuksen moninkertaisesti. Pamako on maailman ensimm\u00e4inen EVOO, joka on sertifioitu ravintolis\u00e4ksi ja jota l\u00e4\u00e4k\u00e4rit voivat m\u00e4\u00e4r\u00e4t\u00e4 reseptill\u00e4.<\/p>\n<p>Maku: raikas ja voimakkaan hedelm\u00e4inen, miedon pist\u00e4v\u00e4, kevyen kirpe\u00e4 j\u00e4lkimaku. Erinomainen viimeistely\u00f6ljy salaateille, kaloille ja kasviksille.<\/p>\n<p>Luomusertifioitu FI-EKO-201. Pakattu UV-suojattuun tummaan lasipulloon.<\/p>\n","protected":false},"excerpt":{"rendered":"<p>Pamako Blend on kreikkalainen luomuoliivi\u00f6ljy Kreetalta. Lajikeyhdistelm\u00e4: 60\u202f% Tsounati ja 40\u202f% Koroneiki. Poikkeuksellisen korkea polyfenolipitoisuus 1\u202f466\u202fmg\/kg \u2013 EU:n terveysv\u00e4itteen mukainen.<\/p>\n","protected":false},"featured_media":142008,"comment_status":"open","ping_status":"open","template":"","meta":{"_acf_changed":false},"product_brand":[674],"product_cat":[691,678],"product_tag":[],"class_list":{"0":"post-142007","1":"product","2":"type-product","3":"status-publish","4":"has-post-thumbnail","6":"product_brand-pamako","7":"product_cat-oliivioljyt","8":"product_cat-oljyt-etikat","9":"pa_alkuperamaa-kreikka","10":"pa_oliivioljy-keskivahva","11":"pa_ruokavalio-luomu","13":"first","14":"instock","15":"taxable","16":"shipping-taxable","17":"purchasable","18":"product-type-simple","swatches":"rey-swatches","show_selected":""},"acf":[],"_links":{"self":[{"href":"https:\/\/www.delideli.zoner.dev\/fin\/wp-json\/wp\/v2\/product\/142007","targetHints":{"allow":["GET"]}}],"collection":[{"href":"https:\/\/www.delideli.zoner.dev\/fin\/wp-json\/wp\/v2\/product"}],"about":[{"href":"https:\/\/www.delideli.zoner.dev\/fin\/wp-json\/wp\/v2\/types\/product"}],"replies":[{"embeddable":true,"href":"https:\/\/www.delideli.zoner.dev\/fin\/wp-json\/wp\/v2\/comments?post=142007"}],"version-history":[{"count":0,"href":"https:\/\/www.delideli.zoner.dev\/fin\/wp-json\/wp\/v2\/product\/142007\/revisions"}],"wp:featuredmedia":[{"embeddable":true,"href":"https:\/\/www.delideli.zoner.dev\/fin\/wp-json\/wp\/v2\/media\/142008"}],"wp:attachment":[{"href":"https:\/\/www.delideli.zoner.dev\/fin\/wp-json\/wp\/v2\/media?parent=142007"}],"wp:term":[{"taxonomy":"product_brand","embeddable":true,"href":"https:\/\/www.delideli.zoner.dev\/fin\/wp-json\/wp\/v2\/product_brand?post=142007"},{"taxonomy":"product_cat","embeddable":true,"href":"https:\/\/www.delideli.zoner.dev\/fin\/wp-json\/wp\/v2\/product_cat?post=142007"},{"taxonomy":"product_tag","embeddable":true,"href":"https:\/\/www.delideli.zoner.dev\/fin\/wp-json\/wp\/v2\/product_tag?post=142007"}],"curies":[{"name":"wp","href":"https:\/\/api.w.org\/{rel}","templated":true}]}}