{"id":142011,"date":"2026-03-31T15:25:24","date_gmt":"2026-03-31T15:25:24","guid":{"rendered":"https:\/\/www.delideli.zoner.dev\/tuote\/ranskalainen-luomuherne-extra-fins-190g\/"},"modified":"2026-05-04T16:18:31","modified_gmt":"2026-05-04T16:18:31","slug":"ranskalainen-luomuherne-extra-fins-190g","status":"publish","type":"product","link":"https:\/\/www.delideli.zoner.dev\/fin\/tuote\/ranskalainen-luomuherne-extra-fins-190g\/","title":{"rendered":"Ranskalainen luomuherne extra fins 190g"},"content":{"rendered":"<p>Prosain Ranskalainen luomuherne extra fins on tarkasti valikoitu ohuthiljainen herne, joka poimitaan kypsyyshuipussaan Ranskan pelloilta ja valmistetaan Pyr\u00e9n\u00e9es-Orientalesin konservatehtaalla. Herne on luonnonmukaisesti viljelty ilman kemiallisia torjunta-aineita.<\/p>\n<p>Resepti\u00e4 maustaa kevyt kasvislis\u00e4ke \u2013 sipulia, porkkanaa ja salottisipulijauhetta \u2013 jotka antavat liemelle kotitekoisen maun. Herneet voi nauttia sellaisenaan tai liemen kera.<\/p>\n<p>Sopii erinomaisesti salaatteihin, keittoihin, lisukkeeksi lihan, kalan tai tofun kanssa. K\u00e4tev\u00e4 190\u202fg yksitt\u00e4ispakkaus \u2013 sopiva annos ilman hukkaa.<\/p>\n<p>Luomusertifioitu FI-EKO-201. Vegaaninen. Nutri-Score A.<\/p>\n","protected":false},"excerpt":{"rendered":"<p>Ranskalaiset luomuherkkuherneet lasis\u00e4ilykkeess\u00e4. Ker\u00e4tty kypsyyshuipussaan ja valmistettu Pyreneiden konservatehtaalla sipulin, porkkanan ja aromaattien kera. Vegaaninen. Luomusertifioitu FI-EKO-201.<\/p>\n","protected":false},"featured_media":142012,"comment_status":"open","ping_status":"open","template":"","meta":{"_acf_changed":false},"product_brand":[650],"product_cat":[677,676,726,701],"product_tag":[],"class_list":{"0":"post-142011","1":"product","2":"type-product","3":"status-publish","4":"has-post-thumbnail","6":"product_brand-prosain","7":"product_cat-ajankohtaisia","8":"product_cat-suolaiset","9":"product_cat-uudet-tuotteet","10":"product_cat-vihannekset","11":"pa_alkuperamaa-ranska","12":"pa_ruokavalio-luomu","14":"first","15":"instock","16":"taxable","17":"shipping-taxable","18":"purchasable","19":"product-type-simple","swatches":"rey-swatches","show_selected":""},"acf":[],"_links":{"self":[{"href":"https:\/\/www.delideli.zoner.dev\/fin\/wp-json\/wp\/v2\/product\/142011","targetHints":{"allow":["GET"]}}],"collection":[{"href":"https:\/\/www.delideli.zoner.dev\/fin\/wp-json\/wp\/v2\/product"}],"about":[{"href":"https:\/\/www.delideli.zoner.dev\/fin\/wp-json\/wp\/v2\/types\/product"}],"replies":[{"embeddable":true,"href":"https:\/\/www.delideli.zoner.dev\/fin\/wp-json\/wp\/v2\/comments?post=142011"}],"version-history":[{"count":0,"href":"https:\/\/www.delideli.zoner.dev\/fin\/wp-json\/wp\/v2\/product\/142011\/revisions"}],"wp:featuredmedia":[{"embeddable":true,"href":"https:\/\/www.delideli.zoner.dev\/fin\/wp-json\/wp\/v2\/media\/142012"}],"wp:attachment":[{"href":"https:\/\/www.delideli.zoner.dev\/fin\/wp-json\/wp\/v2\/media?parent=142011"}],"wp:term":[{"taxonomy":"product_brand","embeddable":true,"href":"https:\/\/www.delideli.zoner.dev\/fin\/wp-json\/wp\/v2\/product_brand?post=142011"},{"taxonomy":"product_cat","embeddable":true,"href":"https:\/\/www.delideli.zoner.dev\/fin\/wp-json\/wp\/v2\/product_cat?post=142011"},{"taxonomy":"product_tag","embeddable":true,"href":"https:\/\/www.delideli.zoner.dev\/fin\/wp-json\/wp\/v2\/product_tag?post=142011"}],"curies":[{"name":"wp","href":"https:\/\/api.w.org\/{rel}","templated":true}]}}