{"id":142014,"date":"2026-04-20T13:24:37","date_gmt":"2026-04-20T13:24:37","guid":{"rendered":"https:\/\/www.delideli.zoner.dev\/tuote\/dorazio-extra-virgin-oliivioljy-ghiaccio-aqua-500ml\/"},"modified":"2026-05-04T16:18:34","modified_gmt":"2026-05-04T16:18:34","slug":"dorazio-extra-virgin-oliivioljy-ghiaccio-aqua-500ml","status":"publish","type":"product","link":"https:\/\/www.delideli.zoner.dev\/fin\/tuote\/dorazio-extra-virgin-oliivioljy-ghiaccio-aqua-500ml\/","title":{"rendered":"D\u2019Orazio Extra virgin oliivi\u00f6ljy GHIACCIO AQUA 500ml"},"content":{"rendered":"<p>Ghiaccio \u2013 &#8221;j\u00e4\u00e4&#8221; italiaksi \u2013 kuuluu Frantoio D&#8217;Orazion Aqua Collection -sarjaan, jonka pullot henkiv\u00e4t veden ja j\u00e4\u00e4n selke\u00e4\u00e4 estetiikkaa. Design yhdist\u00e4\u00e4 Apulian merellist\u00e4 identiteetti\u00e4 ja modernia taidek\u00e4sity\u00f6t\u00e4.<\/p>\n<p>Pullossa on D&#8217;Orazion monilajike-extra neitsytoliivi\u00f6ljy, joka valmistetaan Conversanon seudun perinteisist\u00e4 lajikkeista: Olivastro, Cima di Mola, Leccino, Coratina, Cima di Melfi, Picholine, Simona ja Nociara. Keve\u00e4 ja hedelm\u00e4inen, ruohon ja tuoreen lehden vivahteilla, kevyt kitkeryys ja mausteinen tasapaino.<\/p>\n<p>Loistava p\u00f6yt\u00e4\u00f6ljy ja lahjaidea \u2013 sis\u00e4lt\u00f6 ja pakkaus kilpailevat kauneudessa.<\/p>\n","protected":false},"excerpt":{"rendered":"<p>D&#8217;Orazio Ghiaccio Aqua on apulialainen extra neitsytoliivi\u00f6ljy Aqua Collection -sarjan j\u00e4\u00e4-teemaisessa pullossa. Keve\u00e4, hedelm\u00e4inen monilajike-EVOO Conversanon perinteisist\u00e4 lajikkeista.<\/p>\n","protected":false},"featured_media":142015,"comment_status":"open","ping_status":"open","template":"","meta":{"_acf_changed":false},"product_brand":[657],"product_cat":[677,753,691,678],"product_tag":[],"class_list":{"0":"post-142014","1":"product","2":"type-product","3":"status-publish","4":"has-post-thumbnail","6":"product_brand-orazios","7":"product_cat-ajankohtaisia","8":"product_cat-my-healthy-oils","9":"product_cat-oliivioljyt","10":"product_cat-oljyt-etikat","11":"pa_alkuperamaa-italia","12":"pa_oliivioljy-mieto","14":"first","15":"instock","16":"taxable","17":"shipping-taxable","18":"purchasable","19":"product-type-simple","swatches":"rey-swatches","show_selected":""},"acf":[],"_links":{"self":[{"href":"https:\/\/www.delideli.zoner.dev\/fin\/wp-json\/wp\/v2\/product\/142014","targetHints":{"allow":["GET"]}}],"collection":[{"href":"https:\/\/www.delideli.zoner.dev\/fin\/wp-json\/wp\/v2\/product"}],"about":[{"href":"https:\/\/www.delideli.zoner.dev\/fin\/wp-json\/wp\/v2\/types\/product"}],"replies":[{"embeddable":true,"href":"https:\/\/www.delideli.zoner.dev\/fin\/wp-json\/wp\/v2\/comments?post=142014"}],"version-history":[{"count":0,"href":"https:\/\/www.delideli.zoner.dev\/fin\/wp-json\/wp\/v2\/product\/142014\/revisions"}],"wp:featuredmedia":[{"embeddable":true,"href":"https:\/\/www.delideli.zoner.dev\/fin\/wp-json\/wp\/v2\/media\/142015"}],"wp:attachment":[{"href":"https:\/\/www.delideli.zoner.dev\/fin\/wp-json\/wp\/v2\/media?parent=142014"}],"wp:term":[{"taxonomy":"product_brand","embeddable":true,"href":"https:\/\/www.delideli.zoner.dev\/fin\/wp-json\/wp\/v2\/product_brand?post=142014"},{"taxonomy":"product_cat","embeddable":true,"href":"https:\/\/www.delideli.zoner.dev\/fin\/wp-json\/wp\/v2\/product_cat?post=142014"},{"taxonomy":"product_tag","embeddable":true,"href":"https:\/\/www.delideli.zoner.dev\/fin\/wp-json\/wp\/v2\/product_tag?post=142014"}],"curies":[{"name":"wp","href":"https:\/\/api.w.org\/{rel}","templated":true}]}}