{"id":142018,"date":"2026-04-24T12:32:15","date_gmt":"2026-04-24T12:32:15","guid":{"rendered":"https:\/\/www.delideli.zoner.dev\/tuote\/quietud-salsa-sosegada-fermentoitu-chilikastike-100ml\/"},"modified":"2026-05-04T16:18:37","modified_gmt":"2026-05-04T16:18:37","slug":"quietud-salsa-sosegada-fermentoitu-chilikastike-100ml","status":"publish","type":"product","link":"https:\/\/www.delideli.zoner.dev\/fin\/tuote\/quietud-salsa-sosegada-fermentoitu-chilikastike-100ml\/","title":{"rendered":"Quietud salsa Sosegada fermentoitu chilikastike 100ml"},"content":{"rendered":"<p>Salsas Quietud on andalusialainen k\u00e4sity\u00f6l\u00e4ispaja Sevillasta. Sosegada \u2013 &#8221;rauhallinen&#8221; espanjaksi \u2013 kertoo tekij\u00e4ns\u00e4 filosofiasta: hyv\u00e4t asiat vaativat aikaa. Jalape\u00f1o fermentoidaan sevillanappelsiinin kuoren ja suolan kanssa, maceroidaan parhaassa Jerez-sherryviinietikassa ja kypsytet\u00e4\u00e4n Oloroso-sherryviiniss\u00e4.<\/p>\n<p>Tulos on kerrostunut, harmoninen kastike: kuumuus, karvaus ja sherry-aromi t\u00e4ydess\u00e4 tasapainossa. Eritt\u00e4in monipuolinen \u2013 sopii lihoihin, kaloihin, keittoihin, salaatinkastikkeisiin, tartariin, cevicheen tai pirist\u00e4m\u00e4\u00e4n Bloody Maryn.<\/p>\n<p>Valmistettu Espanjassa. 100\u202fml pullo.<\/p>\n","protected":false},"excerpt":{"rendered":"<p>Quietud Sosegada on espanjalainen fermentoitu chilikastike, jossa yhdistyv\u00e4t jalape\u00f1o-chili, Jerez-sherryviinietikka, Oloroso-sherrry ja sevillankellainen appelsiini. Kuuma ja karvas, mausteinen ja harmoninen \u2013 gourmet-kastike kaikelle.<\/p>\n","protected":false},"featured_media":142019,"comment_status":"open","ping_status":"open","template":"","meta":{"_acf_changed":false},"product_brand":[675],"product_cat":[677,688,676,726],"product_tag":[],"class_list":{"0":"post-142018","1":"product","2":"type-product","3":"status-publish","4":"has-post-thumbnail","6":"product_brand-salsas-quietud","7":"product_cat-ajankohtaisia","8":"product_cat-kastikkeet","9":"product_cat-suolaiset","10":"product_cat-uudet-tuotteet","11":"pa_alkuperamaa-espanja","13":"first","14":"outofstock","15":"taxable","16":"shipping-taxable","17":"purchasable","18":"product-type-simple","swatches":"rey-swatches","show_selected":""},"acf":[],"_links":{"self":[{"href":"https:\/\/www.delideli.zoner.dev\/fin\/wp-json\/wp\/v2\/product\/142018","targetHints":{"allow":["GET"]}}],"collection":[{"href":"https:\/\/www.delideli.zoner.dev\/fin\/wp-json\/wp\/v2\/product"}],"about":[{"href":"https:\/\/www.delideli.zoner.dev\/fin\/wp-json\/wp\/v2\/types\/product"}],"replies":[{"embeddable":true,"href":"https:\/\/www.delideli.zoner.dev\/fin\/wp-json\/wp\/v2\/comments?post=142018"}],"version-history":[{"count":0,"href":"https:\/\/www.delideli.zoner.dev\/fin\/wp-json\/wp\/v2\/product\/142018\/revisions"}],"wp:featuredmedia":[{"embeddable":true,"href":"https:\/\/www.delideli.zoner.dev\/fin\/wp-json\/wp\/v2\/media\/142019"}],"wp:attachment":[{"href":"https:\/\/www.delideli.zoner.dev\/fin\/wp-json\/wp\/v2\/media?parent=142018"}],"wp:term":[{"taxonomy":"product_brand","embeddable":true,"href":"https:\/\/www.delideli.zoner.dev\/fin\/wp-json\/wp\/v2\/product_brand?post=142018"},{"taxonomy":"product_cat","embeddable":true,"href":"https:\/\/www.delideli.zoner.dev\/fin\/wp-json\/wp\/v2\/product_cat?post=142018"},{"taxonomy":"product_tag","embeddable":true,"href":"https:\/\/www.delideli.zoner.dev\/fin\/wp-json\/wp\/v2\/product_tag?post=142018"}],"curies":[{"name":"wp","href":"https:\/\/api.w.org\/{rel}","templated":true}]}}