{"id":142020,"date":"2026-04-24T12:32:19","date_gmt":"2026-04-24T12:32:19","guid":{"rendered":"https:\/\/www.delideli.zoner.dev\/tuote\/quietud-salsa-habanera-fermentoitu-habanero-kastike-100ml\/"},"modified":"2026-05-04T16:18:39","modified_gmt":"2026-05-04T16:18:39","slug":"quietud-salsa-habanera-fermentoitu-habanero-kastike-100ml","status":"publish","type":"product","link":"https:\/\/www.delideli.zoner.dev\/fin\/tuote\/quietud-salsa-habanera-fermentoitu-habanero-kastike-100ml\/","title":{"rendered":"Quietud salsa Habanera fermentoitu Habanero kastike 100ml"},"content":{"rendered":"<p>Habanera on Salsas Quietudin kastikesarjan tulip\u00e4\u00e4 \u2013 valmistettu samalla fermentointimenetelm\u00e4ll\u00e4 kuin Sosegada, mutta habanero-chilin (42\u202f%) r\u00e4j\u00e4ht\u00e4v\u00e4ll\u00e4 hedelm\u00e4isyydell\u00e4. Habanero ja sevillanappelsiininkuori fermentoidaan yhdess\u00e4, mink\u00e4 j\u00e4lkeen lis\u00e4t\u00e4\u00e4n Jerez-sherryviinietikka ja runsas loraus Oloroso-sherrry\u00e4.<\/p>\n<p>Lopputulos on intensiivinen mutta aromikas kastike: habaneroin tulisuus yhdistyy sherryviinin monimutkaiseen bouquet&#8217;iin. Ei pelkk\u00e4\u00e4 tulta \u2013 my\u00f6s makua. Sopii rohkeille chili-harrastajille lihan, kalan, keittojen ja tapas-ruokien kanssa.<\/p>\n<p>Valmistettu Espanjassa. 100\u202fml pullo.<\/p>\n","protected":false},"excerpt":{"rendered":"<p>Quietud Habanera on Salsas Quietudin tulisimpia kastikkeita: fermentoitua habanero-chili\u00e4 (42\u202f%), Oloroso-sherrry\u00e4, Jerez-sherryviinietikkaa ja sevillanapelsiinia. Hedelm\u00e4inen, intensiivinen ja aromirikas tulinen kastike.<\/p>\n","protected":false},"featured_media":142021,"comment_status":"open","ping_status":"open","template":"","meta":{"_acf_changed":false},"product_brand":[675],"product_cat":[677,688,676,726],"product_tag":[],"class_list":{"0":"post-142020","1":"product","2":"type-product","3":"status-publish","4":"has-post-thumbnail","6":"product_brand-salsas-quietud","7":"product_cat-ajankohtaisia","8":"product_cat-kastikkeet","9":"product_cat-suolaiset","10":"product_cat-uudet-tuotteet","11":"pa_alkuperamaa-espanja","13":"first","14":"outofstock","15":"featured","16":"taxable","17":"shipping-taxable","18":"purchasable","19":"product-type-simple","swatches":"rey-swatches","show_selected":""},"acf":[],"_links":{"self":[{"href":"https:\/\/www.delideli.zoner.dev\/fin\/wp-json\/wp\/v2\/product\/142020","targetHints":{"allow":["GET"]}}],"collection":[{"href":"https:\/\/www.delideli.zoner.dev\/fin\/wp-json\/wp\/v2\/product"}],"about":[{"href":"https:\/\/www.delideli.zoner.dev\/fin\/wp-json\/wp\/v2\/types\/product"}],"replies":[{"embeddable":true,"href":"https:\/\/www.delideli.zoner.dev\/fin\/wp-json\/wp\/v2\/comments?post=142020"}],"version-history":[{"count":0,"href":"https:\/\/www.delideli.zoner.dev\/fin\/wp-json\/wp\/v2\/product\/142020\/revisions"}],"wp:featuredmedia":[{"embeddable":true,"href":"https:\/\/www.delideli.zoner.dev\/fin\/wp-json\/wp\/v2\/media\/142021"}],"wp:attachment":[{"href":"https:\/\/www.delideli.zoner.dev\/fin\/wp-json\/wp\/v2\/media?parent=142020"}],"wp:term":[{"taxonomy":"product_brand","embeddable":true,"href":"https:\/\/www.delideli.zoner.dev\/fin\/wp-json\/wp\/v2\/product_brand?post=142020"},{"taxonomy":"product_cat","embeddable":true,"href":"https:\/\/www.delideli.zoner.dev\/fin\/wp-json\/wp\/v2\/product_cat?post=142020"},{"taxonomy":"product_tag","embeddable":true,"href":"https:\/\/www.delideli.zoner.dev\/fin\/wp-json\/wp\/v2\/product_tag?post=142020"}],"curies":[{"name":"wp","href":"https:\/\/api.w.org\/{rel}","templated":true}]}}